{"id":21,"date":"2026-03-28T23:09:01","date_gmt":"2026-03-28T22:09:01","guid":{"rendered":"https:\/\/www.ouienergy.de\/?page_id=21"},"modified":"2026-03-29T04:08:13","modified_gmt":"2026-03-29T03:08:13","slug":"datenschutz","status":"publish","type":"page","link":"https:\/\/www.ouienergy.de\/?page_id=21","title":{"rendered":"Datenschutz"},"content":{"rendered":"\n<h2 class=\"wp-block-heading\">Datenschutzerkl\u00e4rung<\/h2>\n\n\n\n<p><strong>Stand:<\/strong> 25. Oktober 2023<\/p>\n\n\n\n<h2 class=\"wp-block-heading\">Verantwortlicher<\/h2>\n\n\n\n<p>Kassem Hamoui<br>Franziskanerh\u00f6he 1a<br>45139 Essen<\/p>\n\n\n\n<p>E-Mail: <a href=\"mailto:datenschutz@ouienergy.de\">datenschutz@ouienergy.de<\/a><\/p>\n\n\n\n<h2 class=\"wp-block-heading\">\u00dcbersicht der Verarbeitungen<\/h2>\n\n\n\n<p>Die nachfolgende \u00dcbersicht fasst die Arten der verarbeiteten Daten und die Zwecke ihrer Verarbeitung zusammen und verweist auf die betroffenen Personen.<\/p>\n\n\n\n<h3 class=\"wp-block-heading\">Arten der verarbeiteten Daten<\/h3>\n\n\n\n<ul class=\"wp-block-list\">\n<li>Kontaktdaten<\/li>\n\n\n\n<li>Inhaltsdaten<\/li>\n\n\n\n<li>Nutzungsdaten<\/li>\n\n\n\n<li>Meta-, Kommunikations- und Verfahrensdaten<\/li>\n<\/ul>\n\n\n\n<h3 class=\"wp-block-heading\">Kategorien betroffener Personen<\/h3>\n\n\n\n<ul class=\"wp-block-list\">\n<li>Kommunikationspartner<\/li>\n\n\n\n<li>Nutzer<\/li>\n<\/ul>\n\n\n\n<h3 class=\"wp-block-heading\">Zwecke der Verarbeitung<\/h3>\n\n\n\n<ul class=\"wp-block-list\">\n<li>Kontaktanfragen und Kommunikation<\/li>\n\n\n\n<li>Sicherheitsma\u00dfnahmen<\/li>\n\n\n\n<li>Verwaltung und Beantwortung von Anfragen<\/li>\n\n\n\n<li>Feedback<\/li>\n\n\n\n<li>Bereitstellung unseres Onlineangebotes und Nutzerfreundlichkeit<\/li>\n\n\n\n<li>Informationstechnische Infrastruktur<\/li>\n<\/ul>\n\n\n\n<h2 class=\"wp-block-heading\">Ma\u00dfgebliche Rechtsgrundlagen<\/h2>\n\n\n\n<p>Ma\u00dfgebliche Rechtsgrundlagen nach der DSGVO: Im Folgenden erhalten Sie eine \u00dcbersicht der Rechtsgrundlagen der DSGVO, auf deren Basis wir personenbezogene Daten verarbeiten. Bitte nehmen Sie zur Kenntnis, dass neben den Regelungen der DSGVO nationale Datenschutzvorgaben in Ihrem bzw. unserem Wohn- oder Sitzland gelten k\u00f6nnen. Sollten ferner im Einzelfall speziellere Rechtsgrundlagen ma\u00dfgeblich sein, teilen wir Ihnen diese in der Datenschutzerkl\u00e4rung mit.<\/p>\n\n\n\n<p>Einwilligung (Art. 6 Abs. 1 S. 1 lit. a) DSGVO) \u2013 Die betroffene Person hat ihre Einwilligung in die Verarbeitung der sie betreffenden personenbezogenen Daten f\u00fcr einen spezifischen Zweck oder mehrere bestimmte Zwecke gegeben.<\/p>\n\n\n\n<p>Vertragserf\u00fcllung und vorvertragliche Anfragen (Art. 6 Abs. 1 S. 1 lit. b) DSGVO) \u2013 Die Verarbeitung ist f\u00fcr die Erf\u00fcllung eines Vertrags, dessen Vertragspartei die betroffene Person ist, oder zur Durchf\u00fchrung vorvertraglicher Ma\u00dfnahmen erforderlich, die auf Anfrage der betroffenen Person erfolgen.<\/p>\n\n\n\n<p>Berechtigte Interessen (Art. 6 Abs. 1 S. 1 lit. f) DSGVO) \u2013 Die Verarbeitung ist zur Wahrung der berechtigten Interessen des Verantwortlichen oder eines Dritten erforderlich, sofern nicht die Interessen oder Grundrechte und Grundfreiheiten der betroffenen Person, die den Schutz personenbezogener Daten erfordern, \u00fcberwiegen.<\/p>\n\n\n\n<h2 class=\"wp-block-heading\">Sicherheitsma\u00dfnahmen<\/h2>\n\n\n\n<p>Wir treffen nach Ma\u00dfgabe der gesetzlichen Vorgaben unter Ber\u00fccksichtigung des Stands der Technik, der Implementierungskosten und der Art, des Umfangs, der Umst\u00e4nde und der Zwecke der Verarbeitung sowie der unterschiedlichen Eintrittswahrscheinlichkeiten und des Ausma\u00dfes der Bedrohung der Rechte und Freiheiten nat\u00fcrlicher Personen geeignete technische und organisatorische Ma\u00dfnahmen, um ein dem Risiko angemessene Schutzniveau zu gew\u00e4hrleisten.<\/p>\n\n\n\n<h2 class=\"wp-block-heading\">\u00dcbermittlung von personenbezogenen Daten<\/h2>\n\n\n\n<p>Im Rahmen unserer Verarbeitung von personenbezogenen Daten kommt es vor, dass die Daten an andere Stellen, Unternehmen, rechtlich selbstst\u00e4ndige Organisationseinheiten oder Personen \u00fcbermittelt oder ihnen gegen\u00fcber offengelegt werden. Zu den Empf\u00e4ngern dieser Daten k\u00f6nnen zum Beispiel mit IT-Aufgaben beauftragte Dienstleister oder Anbieter von Diensten und Inhalten geh\u00f6ren, die in eine Webseite eingebunden werden. In solchen F\u00e4llen beachten wir die gesetzlichen Vorgaben und schlie\u00dfen insbesondere entsprechende Vertr\u00e4ge bzw. Vereinbarungen, die dem Schutz Ihrer Daten dienen.<\/p>\n\n\n\n<h2 class=\"wp-block-heading\">Internationale Datentransfers<\/h2>\n\n\n\n<p>Sofern wir Daten in einem Drittland au\u00dferhalb der Europ\u00e4ischen Union (EU) oder des Europ\u00e4ischen Wirtschaftsraums (EWR) verarbeiten oder die Verarbeitung im Rahmen der Inanspruchnahme von Diensten Dritter erfolgt, geschieht dies nur im Einklang mit den gesetzlichen Vorgaben.<\/p>\n\n\n\n<h2 class=\"wp-block-heading\">Rechte der betroffenen Personen<\/h2>\n\n\n\n<ul class=\"wp-block-list\">\n<li>Widerspruchsrecht<\/li>\n\n\n\n<li>Widerrufsrecht bei Einwilligungen<\/li>\n\n\n\n<li>Auskunftsrecht<\/li>\n\n\n\n<li>Recht auf Berichtigung<\/li>\n\n\n\n<li>Recht auf L\u00f6schung und Einschr\u00e4nkung der Verarbeitung<\/li>\n\n\n\n<li>Recht auf Daten\u00fcbertragbarkeit<\/li>\n\n\n\n<li>Beschwerderecht bei einer Aufsichtsbeh\u00f6rde<\/li>\n<\/ul>\n\n\n\n<h2 class=\"wp-block-heading\">Einsatz von Cookies<\/h2>\n\n\n\n<p>Cookies sind kleine Textdateien bzw. sonstige Speichervermerke, die Informationen auf Endger\u00e4ten speichern und Informationen aus den Endger\u00e4ten auslesen. Sie dienen zum Beispiel dazu, den Login-Status in einem Nutzerkonto, aufgerufene Inhalte oder verwendete Funktionen eines Onlineangebotes zu speichern.<\/p>\n\n\n\n<h2 class=\"wp-block-heading\">Bereitstellung des Onlineangebotes und Webhosting<\/h2>\n\n\n\n<p>Wir verarbeiten die Daten der Nutzer, um ihnen unsere Online-Dienste zur Verf\u00fcgung stellen zu k\u00f6nnen. Zu diesem Zweck verarbeiten wir insbesondere die IP-Adresse des Nutzers, die notwendig ist, um die Inhalte und Funktionen unserer Online-Dienste an den Browser oder das Endger\u00e4t der Nutzer zu \u00fcbermitteln.<\/p>\n\n\n\n<h2 class=\"wp-block-heading\">Kontakt- und Anfragenverwaltung<\/h2>\n\n\n\n<p>Bei der Kontaktaufnahme mit uns per Kontaktformular, E-Mail, Telefon oder anderen Kommunikationswegen werden die Angaben der anfragenden Personen verarbeitet, soweit dies zur Beantwortung der Kontaktanfragen und etwaiger angefragter Ma\u00dfnahmen erforderlich ist.<\/p>\n\n\n\n<h3 class=\"wp-block-heading\">Kontaktformular<\/h3>\n\n\n\n<p>Wenn Nutzer \u00fcber unser Kontaktformular, E-Mail oder andere Kommunikationswege mit uns in Kontakt treten, verarbeiten wir die uns in diesem Zusammenhang mitgeteilten Daten zur Bearbeitung des mitgeteilten Anliegens.<\/p>\n\n\n\n<h2 class=\"wp-block-heading\">Plugins und eingebettete Funktionen sowie Inhalte<\/h2>\n\n\n\n<p>Wir binden in unser Onlineangebot Funktions- und Inhaltselemente ein, die von den Servern ihrer jeweiligen Anbieter bezogen werden. Dabei kann es sich zum Beispiel um Grafiken, Videos, Karten oder Schriftarten handeln.<\/p>\n\n\n\n<h3 class=\"wp-block-heading\">Google Fonts<\/h3>\n\n\n\n<p>Bezug von Schriften und Symbolen zum Zwecke einer technisch sicheren, wartungsfreien und effizienten Nutzung im Hinblick auf Aktualit\u00e4t, Ladezeiten und einheitliche Darstellung. Anbieter: Google Ireland Limited, Gordon House, Barrow Street, Dublin 4, Irland.<\/p>\n\n\n\n<p>Website: <a href=\"https:\/\/fonts.google.com\/\" target=\"_blank\" rel=\"noreferrer noopener\">https:\/\/fonts.google.com\/<\/a><br>Datenschutzerkl\u00e4rung: <a href=\"https:\/\/policies.google.com\/privacy\" target=\"_blank\" rel=\"noreferrer noopener\">https:\/\/policies.google.com\/privacy<\/a><br>Weitere Informationen: <a href=\"https:\/\/developers.google.com\/fonts\/faq\/privacy?hl=de\" target=\"_blank\" rel=\"noreferrer noopener\">https:\/\/developers.google.com\/fonts\/faq\/privacy?hl=de<\/a><\/p>\n\n\n\n<p><em>Erstellt mit kostenlosem Datenschutz-Generator.de von Dr. Thomas Schwenke.<\/em><\/p>\n","protected":false},"excerpt":{"rendered":"<p>Datenschutzerkl\u00e4rung Stand: 25. Oktober 2023 Verantwortlicher Kassem HamouiFranziskanerh\u00f6he 1a45139 Essen E-Mail: datenschutz@ouienergy.de \u00dcbersicht der Verarbeitungen Die nachfolgende \u00dcbersicht fasst die Arten der verarbeiteten Daten und die Zwecke ihrer Verarbeitung zusammen und verweist auf die betroffenen Personen. Arten der verarbeiteten Daten Kategorien betroffener Personen Zwecke der Verarbeitung Ma\u00dfgebliche Rechtsgrundlagen Ma\u00dfgebliche Rechtsgrundlagen nach der DSGVO: Im Folgenden [&hellip;]<\/p>\n","protected":false},"author":1,"featured_media":0,"parent":0,"menu_order":0,"comment_status":"closed","ping_status":"closed","template":"","meta":{"footnotes":""},"class_list":["post-21","page","type-page","status-publish","hentry"],"_links":{"self":[{"href":"https:\/\/www.ouienergy.de\/index.php?rest_route=\/wp\/v2\/pages\/21","targetHints":{"allow":["GET"]}}],"collection":[{"href":"https:\/\/www.ouienergy.de\/index.php?rest_route=\/wp\/v2\/pages"}],"about":[{"href":"https:\/\/www.ouienergy.de\/index.php?rest_route=\/wp\/v2\/types\/page"}],"author":[{"embeddable":true,"href":"https:\/\/www.ouienergy.de\/index.php?rest_route=\/wp\/v2\/users\/1"}],"replies":[{"embeddable":true,"href":"https:\/\/www.ouienergy.de\/index.php?rest_route=%2Fwp%2Fv2%2Fcomments&post=21"}],"version-history":[{"count":2,"href":"https:\/\/www.ouienergy.de\/index.php?rest_route=\/wp\/v2\/pages\/21\/revisions"}],"predecessor-version":[{"id":32,"href":"https:\/\/www.ouienergy.de\/index.php?rest_route=\/wp\/v2\/pages\/21\/revisions\/32"}],"wp:attachment":[{"href":"https:\/\/www.ouienergy.de\/index.php?rest_route=%2Fwp%2Fv2%2Fmedia&parent=21"}],"curies":[{"name":"wp","href":"https:\/\/api.w.org\/{rel}","templated":true}]}}